{"id":77,"date":"2019-09-04T13:28:59","date_gmt":"2019-09-04T13:28:59","guid":{"rendered":"http:\/\/binkerzunft-boll.de\/?page_id=77"},"modified":"2022-04-24T08:25:14","modified_gmt":"2022-04-24T08:25:14","slug":"impressum","status":"publish","type":"page","link":"http:\/\/binkerzunft-boll.de\/?page_id=77","title":{"rendered":"Impressum"},"content":{"rendered":"\n<h3 class=\"wp-block-heading\">Verantwortlich f\u00fcr Konzeption &amp; Realisierung:<\/h3>\n\n\n\n<p>Binkerzunft Boll e.V.<br>Unterdorf-Str. 23<br>88605 Sauldorf-Boll<\/p>\n\n\n\n<h3 class=\"wp-block-heading\">Haftungsausschluss und Datenschutz:<\/h3>\n\n\n\n<h4 class=\"wp-block-heading\">Inhalt des Webangebotes:<\/h4>\n\n\n\n<p>Die Binkerzunft Boll ist bem\u00fcht, ihr Webangebot stets aktuell und inhaltlich richtig sowie vollst\u00e4ndig anzubieten. Dennoch ist das Auftreten von Fehlern nicht v\u00f6llig auszuschliessen.<br> Die Binkerzunft Boll \u00fcbernimmt keine Haftung f\u00fcr die Aktualit\u00e4t, die inhaltliche Richtigkeit sowie f\u00fcr die Vollst\u00e4ndigkeit der in ihrem Webangebot eingestellten Informationen, es sei denn die Fehler wurden vors\u00e4tzlich oder grob fahrl\u00e4ssig aufgenommen. Dies bezieht sich auf eventuelle Sch\u00e4den materieller oder ideeller Art Dritter, die durch die Nutzung dieses Webangebotes verursacht wurden.<\/p>\n\n\n\n<h4 class=\"wp-block-heading\">Copyright:<\/h4>\n\n\n\n<p>Das Layout der Homepage, die verwendeten Grafiken und Bilder, die Sammlung sowie einzelnen Beitr\u00e4ge sind urheberrechtlich gesch\u00fctzt.<br>Alle Rechte, auch die der fotomechanischen Wiedergabe, der Vervielf\u00e4ltigung und der Verbreitung mittels besonderer Verfahren (zum Beispiel Datenverarbeitung, Datentr\u00e4ger und Datennetze), auch teilweise, beh\u00e4lt sich die Binkerzunft Boll vor.<br>Vielen Dank an  ThemeZee f\u00fcr das tolle Template.<\/p>\n\n\n\n<h4 class=\"wp-block-heading\">Externe Verweise und Links:<\/h4>\n\n\n\n<p>Mit Urteil vom 12.Mai 1998 hat das LG Hamburg entschieden, dass man durch die Ausbringung eines Links (Hyperlink) die Inhalte der gelinkten Seite ggf. mit zu verantworten hat. Dies kann, so das LG, nur dadurch verhindert werden, dass man sich ausdr\u00fccklich von diesen Inhalten distanziert.<br>Wir haben auf unseren Seiten Links zu Seiten im Internet gelegt, deren Inhalt und Aktualisierung nicht dem Einflussbereich der Binkerzunft Boll  unterliegen. F\u00fcr alle diese Links gilt:<br>Die Binkerzunft Boll hat keinen Einfluss auf Gestaltung und Inhalte fremder Internetseiten. Er distanziert sich daher von allen fremden Inhalten, auch wenn von Seiten der Binkerzunft Boll auf diese externe Seiten ein Link gesetzt wurde.\u201c<br>Diese Erkl\u00e4rung gilt f\u00fcr alle auf unserer Homepage angezeigten Links und f\u00fcr alle Inhalte der Seiten, zu denen die bei uns angemeldeten Banner und Links f\u00fchren.<\/p>\n\n\n\n<h4 class=\"wp-block-heading\">Rechtswirksamkeit:<\/h4>\n\n\n\n<p>Dieser Haftungsausschluss ist Teil des Internetangebotes der Binkerzunft Boll. Sofern einzelne Formulierungen oder Teile dieses Textes der geltenden Rechtslage nicht mehr oder nicht mehr vollst\u00e4ndig entsprechen, bleiben die \u00fcbrigen Teile dieser Erkl\u00e4rung davon unber\u00fchrt.<\/p>\n","protected":false},"excerpt":{"rendered":"<p>Verantwortlich f\u00fcr Konzeption &amp; Realisierung: Binkerzunft Boll e.V.Unterdorf-Str. 2388605 Sauldorf-Boll Haftungsausschluss und Datenschutz: Inhalt des Webangebotes: Die Binkerzunft Boll ist<\/p>\n","protected":false},"author":1,"featured_media":0,"parent":0,"menu_order":4,"comment_status":"closed","ping_status":"closed","template":"","meta":{"footnotes":""},"class_list":["post-77","page","type-page","status-publish","hentry"],"_links":{"self":[{"href":"http:\/\/binkerzunft-boll.de\/index.php?rest_route=\/wp\/v2\/pages\/77","targetHints":{"allow":["GET"]}}],"collection":[{"href":"http:\/\/binkerzunft-boll.de\/index.php?rest_route=\/wp\/v2\/pages"}],"about":[{"href":"http:\/\/binkerzunft-boll.de\/index.php?rest_route=\/wp\/v2\/types\/page"}],"author":[{"embeddable":true,"href":"http:\/\/binkerzunft-boll.de\/index.php?rest_route=\/wp\/v2\/users\/1"}],"replies":[{"embeddable":true,"href":"http:\/\/binkerzunft-boll.de\/index.php?rest_route=%2Fwp%2Fv2%2Fcomments&post=77"}],"version-history":[{"count":3,"href":"http:\/\/binkerzunft-boll.de\/index.php?rest_route=\/wp\/v2\/pages\/77\/revisions"}],"predecessor-version":[{"id":217,"href":"http:\/\/binkerzunft-boll.de\/index.php?rest_route=\/wp\/v2\/pages\/77\/revisions\/217"}],"wp:attachment":[{"href":"http:\/\/binkerzunft-boll.de\/index.php?rest_route=%2Fwp%2Fv2%2Fmedia&parent=77"}],"curies":[{"name":"wp","href":"https:\/\/api.w.org\/{rel}","templated":true}]}}